{"id":224,"date":"2025-02-07T17:29:04","date_gmt":"2025-02-07T17:29:04","guid":{"rendered":"https:\/\/abrasileleitores.com.br\/?page_id=224"},"modified":"2025-02-21T15:10:39","modified_gmt":"2025-02-21T18:10:39","slug":"doacoes","status":"publish","type":"page","link":"https:\/\/abrasileleitores.com.br\/?page_id=224","title":{"rendered":"&#8212; Doa\u00e7\u00e3o &#8212;"},"content":{"rendered":"<table style=\"border-collapse: collapse; width: 100%;\">\n<tbody>\n<tr>\n<td style=\"width: 11.8666%;\"><\/td>\n<td style=\"width: 77.0667%; text-align: justify;\">\n<p style=\"text-align: center;\"><span style=\"font-size: 14pt; font-family: georgia, palatino, serif; color: #000000;\"><img loading=\"lazy\" decoding=\"async\" class=\"aligncenter size-full wp-image-229\" src=\"https:\/\/abrasileleitores.com.br\/wp-content\/uploads\/2025\/02\/N.M.M2ioojj.png\" alt=\"\" width=\"1616\" height=\"466\" srcset=\"https:\/\/abrasileleitores.com.br\/wp-content\/uploads\/2025\/02\/N.M.M2ioojj.png 1616w, https:\/\/abrasileleitores.com.br\/wp-content\/uploads\/2025\/02\/N.M.M2ioojj-300x87.png 300w, https:\/\/abrasileleitores.com.br\/wp-content\/uploads\/2025\/02\/N.M.M2ioojj-1024x295.png 1024w, https:\/\/abrasileleitores.com.br\/wp-content\/uploads\/2025\/02\/N.M.M2ioojj-768x221.png 768w, https:\/\/abrasileleitores.com.br\/wp-content\/uploads\/2025\/02\/N.M.M2ioojj-1536x443.png 1536w, https:\/\/abrasileleitores.com.br\/wp-content\/uploads\/2025\/02\/N.M.M2ioojj-750x216.png 750w, https:\/\/abrasileleitores.com.br\/wp-content\/uploads\/2025\/02\/N.M.M2ioojj-1140x329.png 1140w\" sizes=\"auto, (max-width: 1616px) 100vw, 1616px\" \/>Sua contribui\u00e7\u00e3o vai nos ajudar a lutar pelos direitos, e garantia dos eleitores brasileiros.<\/span><\/p>\n<p style=\"text-align: center;\"><strong><span style=\"font-size: 14pt; font-family: georgia, palatino, serif; color: #333300;\">ABRASIL-ELEITORES<\/span><\/strong><\/p>\n<p style=\"text-align: center;\"><span style=\"font-size: 14pt; color: #333300;\">Associa\u00e7\u00e3o Nacional e Internacional dos Eleitores Brasileiros<\/span><\/p>\n<p style=\"text-align: center;\"><span style=\"font-size: 14pt;\">Chave pix: CNPJ<\/span><\/p>\n<p style=\"text-align: center;\"><span style=\"font-size: 14pt; color: #000000;\">55.896.258\/0001-00<\/span><\/p>\n<p style=\"text-align: center;\"><span style=\"font-size: 14pt;\">ou\u00a0 \u00a0QRCode<img loading=\"lazy\" decoding=\"async\" class=\"aligncenter wp-image-312\" src=\"https:\/\/abrasileleitores.com.br\/wp-content\/uploads\/2025\/02\/QRCODEABRASIL-ELEITORES.jpg\" alt=\"\" width=\"197\" height=\"193\" srcset=\"https:\/\/abrasileleitores.com.br\/wp-content\/uploads\/2025\/02\/QRCODEABRASIL-ELEITORES.jpg 1004w, https:\/\/abrasileleitores.com.br\/wp-content\/uploads\/2025\/02\/QRCODEABRASIL-ELEITORES-300x295.jpg 300w, https:\/\/abrasileleitores.com.br\/wp-content\/uploads\/2025\/02\/QRCODEABRASIL-ELEITORES-768x755.jpg 768w, https:\/\/abrasileleitores.com.br\/wp-content\/uploads\/2025\/02\/QRCODEABRASIL-ELEITORES-750x737.jpg 750w\" sizes=\"auto, (max-width: 197px) 100vw, 197px\" \/><\/span><\/p>\n<p>&nbsp;<\/td>\n<td style=\"width: 11.0666%;\"><\/td>\n<\/tr>\n<\/tbody>\n<\/table>\n","protected":false},"excerpt":{"rendered":"<p>Sua contribui\u00e7\u00e3o vai nos ajudar a lutar pelos direitos, e garantia dos eleitores brasileiros. ABRASIL-ELEITORES Associa\u00e7\u00e3o Nacional e Internacional dos Eleitores Brasileiros Chave pix: CNPJ 55.896.258\/0001-00 ou\u00a0 \u00a0QRCode &nbsp;<\/p>\n","protected":false},"author":1,"featured_media":0,"parent":0,"menu_order":0,"comment_status":"closed","ping_status":"closed","template":"","meta":{"footnotes":""},"class_list":["post-224","page","type-page","status-publish","hentry"],"yoast_head":"<!-- This site is optimized with the Yoast SEO plugin v27.0 - https:\/\/yoast.com\/product\/yoast-seo-wordpress\/ -->\n<title>- Doa\u00e7\u00e3o - ABRASIL-ELEITORES<\/title>\n<meta name=\"robots\" content=\"index, follow, max-snippet:-1, max-image-preview:large, max-video-preview:-1\" \/>\n<link rel=\"canonical\" href=\"https:\/\/abrasileleitores.com.br\/?page_id=224\" \/>\n<meta property=\"og:locale\" content=\"pt_BR\" \/>\n<meta property=\"og:type\" content=\"article\" \/>\n<meta property=\"og:title\" content=\"- Doa\u00e7\u00e3o - ABRASIL-ELEITORES\" \/>\n<meta property=\"og:description\" content=\"Sua contribui\u00e7\u00e3o vai nos ajudar a lutar pelos direitos, e garantia dos eleitores brasileiros. ABRASIL-ELEITORES Associa\u00e7\u00e3o Nacional e Internacional dos Eleitores Brasileiros Chave pix: CNPJ 55.896.258\/0001-00 ou\u00a0 \u00a0QRCode &nbsp;\" \/>\n<meta property=\"og:url\" content=\"https:\/\/abrasileleitores.com.br\/?page_id=224\" \/>\n<meta property=\"og:site_name\" content=\"ABRASIL-ELEITORES\" \/>\n<meta property=\"article:modified_time\" content=\"2025-02-21T18:10:39+00:00\" \/>\n<meta property=\"og:image\" content=\"https:\/\/abrasileleitores.com.br\/wp-content\/uploads\/2025\/02\/N.M.M2ioojj.png\" \/>\n<meta name=\"twitter:card\" content=\"summary_large_image\" \/>\n<meta name=\"twitter:label1\" content=\"Est. tempo de leitura\" \/>\n\t<meta name=\"twitter:data1\" content=\"1 minuto\" \/>\n<script type=\"application\/ld+json\" class=\"yoast-schema-graph\">{\"@context\":\"https:\/\/schema.org\",\"@graph\":[{\"@type\":\"WebPage\",\"@id\":\"https:\/\/abrasileleitores.com.br\/?page_id=224\",\"url\":\"https:\/\/abrasileleitores.com.br\/?page_id=224\",\"name\":\"- Doa\u00e7\u00e3o - ABRASIL-ELEITORES\",\"isPartOf\":{\"@id\":\"https:\/\/abrasileleitores.com.br\/#website\"},\"primaryImageOfPage\":{\"@id\":\"https:\/\/abrasileleitores.com.br\/?page_id=224#primaryimage\"},\"image\":{\"@id\":\"https:\/\/abrasileleitores.com.br\/?page_id=224#primaryimage\"},\"thumbnailUrl\":\"https:\/\/abrasileleitores.com.br\/wp-content\/uploads\/2025\/02\/N.M.M2ioojj.png\",\"datePublished\":\"2025-02-07T17:29:04+00:00\",\"dateModified\":\"2025-02-21T18:10:39+00:00\",\"breadcrumb\":{\"@id\":\"https:\/\/abrasileleitores.com.br\/?page_id=224#breadcrumb\"},\"inLanguage\":\"pt-BR\",\"potentialAction\":[{\"@type\":\"ReadAction\",\"target\":[\"https:\/\/abrasileleitores.com.br\/?page_id=224\"]}]},{\"@type\":\"ImageObject\",\"inLanguage\":\"pt-BR\",\"@id\":\"https:\/\/abrasileleitores.com.br\/?page_id=224#primaryimage\",\"url\":\"https:\/\/abrasileleitores.com.br\/wp-content\/uploads\/2025\/02\/N.M.M2ioojj.png\",\"contentUrl\":\"https:\/\/abrasileleitores.com.br\/wp-content\/uploads\/2025\/02\/N.M.M2ioojj.png\",\"width\":1616,\"height\":466},{\"@type\":\"BreadcrumbList\",\"@id\":\"https:\/\/abrasileleitores.com.br\/?page_id=224#breadcrumb\",\"itemListElement\":[{\"@type\":\"ListItem\",\"position\":1,\"name\":\"In\u00edcio\",\"item\":\"https:\/\/abrasileleitores.com.br\/\"},{\"@type\":\"ListItem\",\"position\":2,\"name\":\"&#8212; Doa\u00e7\u00e3o &#8212;\"}]},{\"@type\":\"WebSite\",\"@id\":\"https:\/\/abrasileleitores.com.br\/#website\",\"url\":\"https:\/\/abrasileleitores.com.br\/\",\"name\":\"ABRASIL-ELEITORES\",\"description\":\"ASSOCIA\u00c7\u00c3O NACIONAL E INTERNACIONAL DOS ELEITORES BRASILEIROS\",\"potentialAction\":[{\"@type\":\"SearchAction\",\"target\":{\"@type\":\"EntryPoint\",\"urlTemplate\":\"https:\/\/abrasileleitores.com.br\/?s={search_term_string}\"},\"query-input\":{\"@type\":\"PropertyValueSpecification\",\"valueRequired\":true,\"valueName\":\"search_term_string\"}}],\"inLanguage\":\"pt-BR\"}]}<\/script>\n<!-- \/ Yoast SEO plugin. -->","yoast_head_json":{"title":"- Doa\u00e7\u00e3o - ABRASIL-ELEITORES","robots":{"index":"index","follow":"follow","max-snippet":"max-snippet:-1","max-image-preview":"max-image-preview:large","max-video-preview":"max-video-preview:-1"},"canonical":"https:\/\/abrasileleitores.com.br\/?page_id=224","og_locale":"pt_BR","og_type":"article","og_title":"- Doa\u00e7\u00e3o - ABRASIL-ELEITORES","og_description":"Sua contribui\u00e7\u00e3o vai nos ajudar a lutar pelos direitos, e garantia dos eleitores brasileiros. ABRASIL-ELEITORES Associa\u00e7\u00e3o Nacional e Internacional dos Eleitores Brasileiros Chave pix: CNPJ 55.896.258\/0001-00 ou\u00a0 \u00a0QRCode &nbsp;","og_url":"https:\/\/abrasileleitores.com.br\/?page_id=224","og_site_name":"ABRASIL-ELEITORES","article_modified_time":"2025-02-21T18:10:39+00:00","og_image":[{"url":"https:\/\/abrasileleitores.com.br\/wp-content\/uploads\/2025\/02\/N.M.M2ioojj.png","type":"","width":"","height":""}],"twitter_card":"summary_large_image","twitter_misc":{"Est. tempo de leitura":"1 minuto"},"schema":{"@context":"https:\/\/schema.org","@graph":[{"@type":"WebPage","@id":"https:\/\/abrasileleitores.com.br\/?page_id=224","url":"https:\/\/abrasileleitores.com.br\/?page_id=224","name":"- Doa\u00e7\u00e3o - ABRASIL-ELEITORES","isPartOf":{"@id":"https:\/\/abrasileleitores.com.br\/#website"},"primaryImageOfPage":{"@id":"https:\/\/abrasileleitores.com.br\/?page_id=224#primaryimage"},"image":{"@id":"https:\/\/abrasileleitores.com.br\/?page_id=224#primaryimage"},"thumbnailUrl":"https:\/\/abrasileleitores.com.br\/wp-content\/uploads\/2025\/02\/N.M.M2ioojj.png","datePublished":"2025-02-07T17:29:04+00:00","dateModified":"2025-02-21T18:10:39+00:00","breadcrumb":{"@id":"https:\/\/abrasileleitores.com.br\/?page_id=224#breadcrumb"},"inLanguage":"pt-BR","potentialAction":[{"@type":"ReadAction","target":["https:\/\/abrasileleitores.com.br\/?page_id=224"]}]},{"@type":"ImageObject","inLanguage":"pt-BR","@id":"https:\/\/abrasileleitores.com.br\/?page_id=224#primaryimage","url":"https:\/\/abrasileleitores.com.br\/wp-content\/uploads\/2025\/02\/N.M.M2ioojj.png","contentUrl":"https:\/\/abrasileleitores.com.br\/wp-content\/uploads\/2025\/02\/N.M.M2ioojj.png","width":1616,"height":466},{"@type":"BreadcrumbList","@id":"https:\/\/abrasileleitores.com.br\/?page_id=224#breadcrumb","itemListElement":[{"@type":"ListItem","position":1,"name":"In\u00edcio","item":"https:\/\/abrasileleitores.com.br\/"},{"@type":"ListItem","position":2,"name":"&#8212; Doa\u00e7\u00e3o &#8212;"}]},{"@type":"WebSite","@id":"https:\/\/abrasileleitores.com.br\/#website","url":"https:\/\/abrasileleitores.com.br\/","name":"ABRASIL-ELEITORES","description":"ASSOCIA\u00c7\u00c3O NACIONAL E INTERNACIONAL DOS ELEITORES BRASILEIROS","potentialAction":[{"@type":"SearchAction","target":{"@type":"EntryPoint","urlTemplate":"https:\/\/abrasileleitores.com.br\/?s={search_term_string}"},"query-input":{"@type":"PropertyValueSpecification","valueRequired":true,"valueName":"search_term_string"}}],"inLanguage":"pt-BR"}]}},"_links":{"self":[{"href":"https:\/\/abrasileleitores.com.br\/index.php?rest_route=\/wp\/v2\/pages\/224","targetHints":{"allow":["GET"]}}],"collection":[{"href":"https:\/\/abrasileleitores.com.br\/index.php?rest_route=\/wp\/v2\/pages"}],"about":[{"href":"https:\/\/abrasileleitores.com.br\/index.php?rest_route=\/wp\/v2\/types\/page"}],"author":[{"embeddable":true,"href":"https:\/\/abrasileleitores.com.br\/index.php?rest_route=\/wp\/v2\/users\/1"}],"replies":[{"embeddable":true,"href":"https:\/\/abrasileleitores.com.br\/index.php?rest_route=%2Fwp%2Fv2%2Fcomments&post=224"}],"version-history":[{"count":14,"href":"https:\/\/abrasileleitores.com.br\/index.php?rest_route=\/wp\/v2\/pages\/224\/revisions"}],"predecessor-version":[{"id":316,"href":"https:\/\/abrasileleitores.com.br\/index.php?rest_route=\/wp\/v2\/pages\/224\/revisions\/316"}],"wp:attachment":[{"href":"https:\/\/abrasileleitores.com.br\/index.php?rest_route=%2Fwp%2Fv2%2Fmedia&parent=224"}],"curies":[{"name":"wp","href":"https:\/\/api.w.org\/{rel}","templated":true}]}}