{"id":289,"date":"2025-02-18T18:11:35","date_gmt":"2025-02-18T18:11:35","guid":{"rendered":"https:\/\/abrasileleitores.com.br\/?page_id=289"},"modified":"2025-02-18T19:05:26","modified_gmt":"2025-02-18T19:05:26","slug":"abaixo-assinado","status":"publish","type":"page","link":"https:\/\/abrasileleitores.com.br\/?page_id=289","title":{"rendered":"Abaixo Assinado"},"content":{"rendered":"<p style=\"text-align: justify;\"><span style=\"font-size: 18pt;\">ABRASIL-ELEITORES: \u201cCR\u00c9D-SUS\u201d ABAIXO ASSINADO PELO FIM DA FILA DO SUS<a href=\"https:\/\/peticaopublica.com.br\/psign.aspx?pi=ABRASIL-ELEITORES\" target=\"_blank\" rel=\"noopener\"><img loading=\"lazy\" decoding=\"async\" class=\"aligncenter  wp-image-297\" src=\"https:\/\/abrasileleitores.com.br\/wp-content\/uploads\/2025\/02\/HJGHJGJHGJH2HHH.jpg\" alt=\"\" width=\"176\" height=\"67\" \/><\/a><\/span><\/p>\n<p style=\"text-align: justify;\"><em><span style=\"font-size: 14pt;\"><strong>Para:<\/strong> \u00c1 Excelent\u00edssima Casa do Poder Constituinte &#8211; Congresso Nacional Brasileiro.<\/span><\/em><\/p>\n<p>&nbsp;<\/p>\n<p style=\"text-align: justify;\"><span style=\"font-size: 14pt;\"><img loading=\"lazy\" decoding=\"async\" class=\"aligncenter wp-image-290\" src=\"https:\/\/abrasileleitores.com.br\/wp-content\/uploads\/2025\/02\/WhatsApp-Image-2025-02-18-at-15.05.08-1.jpeg\" alt=\"\" width=\"429\" height=\"279\" srcset=\"https:\/\/abrasileleitores.com.br\/wp-content\/uploads\/2025\/02\/WhatsApp-Image-2025-02-18-at-15.05.08-1.jpeg 415w, https:\/\/abrasileleitores.com.br\/wp-content\/uploads\/2025\/02\/WhatsApp-Image-2025-02-18-at-15.05.08-1-300x195.jpeg 300w\" sizes=\"auto, (max-width: 429px) 100vw, 429px\" \/>ASSOCIA\u00c7\u00c3O NACIONAL E INTERNACIONAL DOS ELEITORES BRASILEIROS, com fundamento nos artigos. 1\u00ba, 14\u00ba, II, art. 61\u00ba, \u00a7 2\u00ba, 27, \u00a7, 4\u00ba e 29, XIII, da CRFB\/1988, e nos termos da lei n\u00ba 14.063\/2020, que regularizou a assinatura digital.<\/span><\/p>\n<p style=\"text-align: justify;\"><span style=\"font-size: 14pt;\">. MOVIMENTO NACIONAL &#8211; CR\u00c9D-SUS, DIREITO DOS ELEITORES BRASILEIROS<\/span><\/p>\n<p style=\"text-align: justify;\"><span style=\"font-size: 14pt;\">ABRASIL-ELEITORES, preocupada com as condi\u00e7\u00f5es de sa\u00fade dos eleitores Brasileiros e seus familiares, vem, por meio deste, ABAIXO-ASSINADO, NO EXERC\u00cdCIO DA DEMOCRACIA DIRETA PARA PROJETO DE LEI DE INICIATIVA POPULAR com a finalidade de alterar a lei n\u00ba 8080, de 1990- que regulamentou a sistema \u00fanico de sa\u00fade (SUS), com o objetivo da Uni\u00e3o, destinar dos recursos do SUS para os usu\u00e1rios, um limite margem do SUS CR\u00c9DITO na base de 3 (tr\u00eas) sal\u00e1rios m\u00ednimos anual, pelo MINIST\u00c9RIO DA SA\u00daDE, em cart\u00e3o chamado CR\u00c9D-SUS, (assist\u00eancia \u00e0 sa\u00fade, Sem fila da Espera do Sus).<\/span><\/p>\n<p style=\"text-align: justify;\"><span style=\"font-size: 14pt;\">\u00c9 de conhecimento geral que a sa\u00fade dos Brasileiros n\u00e3o estava bem antes da pandemia e muito pior ficou, pois pandemia, que frequentemente pessoas est\u00e3o morrendo sem saber do qu\u00ea, essa falta de assist\u00eancia \u00e0 sa\u00fade, vem ultrapassando os limites da razoabilidade, do direito da universalidade, sendo uma das principais causas de esgotamento mental afeta negativamente a qualidade de vida e sa\u00fade, o bem-estar e rela\u00e7\u00f5es familiares.<\/span><\/p>\n<p style=\"text-align: justify;\"><span style=\"font-size: 14pt;\">N\u00e3o dar para ignorar que, em um mundo globalizado deixe de se conectar com avan\u00e7os tecnol\u00f3gicos, devemos reavaliar a falta de assist\u00eancia que \u00e9 equil\u00edbrio entre a vida e sa\u00fade do usu\u00e1rio, s\u00e3o centenas de v\u00edtima \u201cvidas\u201d qu\u00ea por falta de assist\u00eancia do poder p\u00fablico se foi e est\u00e3o sendo perdidas.<\/span><\/p>\n<p style=\"text-align: justify;\"><span style=\"font-size: 14pt;\">Todos n\u00f3s temos conhecimento dos desafios que os eleitores brasileiros e seus dependentes, v\u00eam, enfrentando v\u00e1rios problemas com o Sistema \u00danico de Sa\u00fade (SUS).<\/span><\/p>\n<p style=\"text-align: justify;\"><span style=\"font-size: 14pt;\">N\u00e3o podemos ignorar que a d\u00e9cada persiste inacab\u00e1veis filas de espera para serem atendidos pelo sistema \u00fanico de sa\u00fade &#8211; SUS, causando grande transtorno, as pessoas, muitos morem sem conseguir ser atendido.<\/span><\/p>\n<p style=\"text-align: justify;\"><span style=\"font-size: 14pt;\">Deste modo, assegurar das receitas decorrentes da Uni\u00e3o\/tripartite para a sa\u00fade p\u00fablica para o atendimento cl\u00ednica, laborat\u00f3rio e outros estabelecimentos de sa\u00fade com uma cria\u00e7\u00e3o de margem CR\u00c9D-SUS, para usu\u00e1rios do SUS. Assim vamos d\u00e1 o fim nas filas de espera no atendimento de pequena e m\u00e9dia complexidade e compra de medicamento de uso cont\u00ednuo dispon\u00edveis em farm\u00e1cia conveniadas com o gestor do sus.<\/span><\/p>\n<p style=\"text-align: justify;\"><span style=\"font-size: 14pt;\">Atualmente muitas pessoas morrem nas filas, nos corredores das unidades de sa\u00fade publica na esperando pelo poder p\u00fablico que N\u00c3O, oferecer condi\u00e7\u00f5es, em todas as cidades Brasileiras para a popula\u00e7\u00e3o, falta de atendimento do sistema \u00fanico de sa\u00fade \u2013 SUS \u00e9 uma realidade cito.<\/span><\/p>\n<p style=\"text-align: justify;\"><span style=\"font-size: 14pt;\">Tempo de espera \u00e9 o maior motivo de insatisfa\u00e7\u00e3o dos usu\u00e1rios do SUS, esperaram mais de 12 meses para serem atendidos.<\/span><\/p>\n<p style=\"text-align: justify;\"><span style=\"font-size: 14pt;\">M\u00e1 gest\u00e3o administrativa e operacional do sistema \u00e9 um dos principais gargalos do SUS.<\/span><\/p>\n<p style=\"text-align: justify;\"><span style=\"font-size: 14pt;\">Falta de m\u00e9dicos \u00e9 tamb\u00e9m um dos principais problemas do SUS.<\/span><\/p>\n<p style=\"text-align: justify;\"><span style=\"font-size: 14pt;\">Falta de leitos e equipamentos em hospitais s\u00e3o problemas enfrentados diariamente na sa\u00fade p\u00fablica.<\/span><\/p>\n<p style=\"text-align: justify;\"><span style=\"font-size: 14pt;\">Infra-estruturar inadequada \u00e9 tamb\u00e9m um dos problemas enfrentados diariamente na sa\u00fade p\u00fablica.<\/span><\/p>\n<p style=\"text-align: justify;\"><span style=\"font-size: 14pt;\">Cr\u00e9d-sus \u00e9 pessoal, presente com a finalidade de atender:<\/span><\/p>\n<p style=\"text-align: justify;\"><span style=\"font-size: 14pt;\">O atendimento de m\u00e9dia complexidade no SUS \u00e9 constitu\u00edda de a\u00e7\u00f5es e servi\u00e7os que tem por objetivo atender aos principais problemas e agravos na sa\u00fade da popula\u00e7\u00e3o, onde os atendimentos exigem a presen\u00e7a de profissionais especializados e a disposi\u00e7\u00e3o de tecnologia de maior complexidade para a realiza\u00e7\u00e3o.<\/span><\/p>\n<p style=\"text-align: justify;\"><span style=\"font-size: 14pt;\">Por falta desse atendimento, o CR\u00c9D-SUS oferecer\u00e1 oportunidade para os usu\u00e1rios dos sus, n\u00f3s procedimentos de pequena e m\u00e9dia complexidade exames, diagn\u00f3sticos e terap\u00eauticos que exigem equipamentos avan\u00e7ados e conhecimentos t\u00e9cnicos espec\u00edficos a ser realizados em cl\u00ednica, laborat\u00f3rios conveniados e envolvem \u00e1reas como pediatria, ortopedia, cardiologia, oncologia, neurologia, psiquiatria, ginecologia e oftalmologia, odontol\u00f3gica.<\/span><\/p>\n<p style=\"text-align: justify;\"><span style=\"font-size: 14pt;\">Para exames de alta complexidade: Tomografia computadorizada, Resson\u00e2ncia magn\u00e9tica, usados para diagn\u00f3stico e acompanhamento de condi\u00e7\u00f5es m\u00e9dicas, como les\u00f5es, tumores e doen\u00e7as neurol\u00f3gicas.<\/span><\/p>\n<p style=\"text-align: justify;\"><span style=\"font-size: 14pt;\">E ainda para exames de:<\/span><\/p>\n<p style=\"text-align: justify;\"><span style=\"font-size: 14pt;\">Hemograma, Colesterol, Ureia e Creatinina, Papanicolau, Exames de urina, Exames de fezes, Glicemia, Transaminases (ALT e AST) ou TGP e TGO, SH e T4 livre, Related Post., mamografia, radiografia de t\u00f3rax, ultrassom, colonoscopia e densitometria \u00f3ssea.<\/span><\/p>\n<p style=\"text-align: justify;\"><span style=\"font-size: 14pt;\">CR\u00c9D-SUS se far\u00e1 presente, na terceira idade dando mais assist\u00eancia para exames laboratoriais de rotina importante para quem tem 60 anos, ou mais.<\/span><\/p>\n<p style=\"text-align: justify;\"><span style=\"font-size: 14pt;\">Hemograma completo, TSH, Perfil Lip\u00eddico, Papanicolau, Vitamina D, PTH e c\u00e1lcio, Glicemia de jejum, Ureia e creatinina, PSA, Sangue oculto nas fezes, Dosagem de vitamina B12 e \u00e1cido f\u00f3lico, Related Post.<\/span><\/p>\n<p style=\"text-align: justify;\"><span style=\"font-size: 14pt;\">VIABILIDADE: O poder p\u00fablico poder\u00e1 fazer parcerias com ente do setor privados, firmar contratos para prestar servi\u00e7os de assist\u00eancia \u00e0 sa\u00fade para rede p\u00fablica, oferecendo para o usu\u00e1rios \u201cCR\u00c9D-SUS\u201d para que ente do setor privados que prestem servi\u00e7os de sa\u00fade ao usu\u00e1rio do sus sem a necessidade de marca\u00e7\u00e3o de consulta no ente p\u00fablico passe a ser atendido diretamente pelo setor privado, e ser\u00e1 ressarcido pela a Uni\u00e3o\/gestor p\u00fablico do sus ao prestador de servi\u00e7os de sa\u00fade.<\/span><\/p>\n<p style=\"text-align: justify;\"><span style=\"font-size: 14pt;\">NESSE SENTIDO, ao Congresso Nacional a considerar as seguintes:<\/span><\/p>\n<p style=\"text-align: justify;\"><span style=\"font-size: 14pt;\">A altera\u00e7\u00e3o da lei n\u00ba 8080\/1980, para a implementa\u00e7\u00e3o do recurso do SUS, a chegar diretamente para pessoa individual, sendo garantia para as finalidades de assist\u00eancia \u00e0 sa\u00fade, CR\u00c9D-SUS a promover mais equil\u00edbrio, permitindo aos usu\u00e1rios que possa chegar diretamente \u00e0 unidade conveniada com a gest\u00e3o p\u00fablica para assist\u00eancia \u00e0 sa\u00fade.<\/span><\/p>\n<p style=\"text-align: justify;\"><span style=\"font-size: 14pt;\">A cria\u00e7\u00e3o de pol\u00edticas de prote\u00e7\u00e3o preventiva e assist\u00eancia aos usu\u00e1rios do SUS, incluir o direito a exames peri\u00f3dicos regular, na limita\u00e7\u00e3o de cada caso, entre outras medidas que promovam a sa\u00fade f\u00edsica e mental dos eleitores e seus dependentes.<\/span><\/p>\n<p style=\"text-align: justify;\"><span style=\"font-size: 14pt;\">A aprova\u00e7\u00e3o de uma lei em defesa da assist\u00eancia \u00e0 sa\u00fade, \u00e9 um marco na hist\u00f3ria pol\u00edtica para garantir a destina\u00e7\u00e3o do valor de tr\u00eas sal\u00e1rios m\u00ednimo vigente do governo federal, anual a ser repassado por meio de CART\u00c3O do SUS denominado \u201cCR\u00c9D-SUS\u201d a solu\u00e7\u00e3o para acabar as filas de espera do sus.<\/span><\/p>\n<p style=\"text-align: justify;\"><span style=\"font-size: 14pt;\">A Uni\u00e3o por meio do Minist\u00e9rio da sa\u00fade manter\u00e1 a fiscaliza\u00e7\u00e3o para garantir o cumprimento das novas regras de assist\u00eancia \u00e0 sa\u00fade, com a unidade conveniada, dever\u00e1 prestar o atendimento aos usu\u00e1rios do CART\u00c3O do SUS<\/span><br \/>\n<span style=\"font-size: 14pt;\">\u201cCR\u00c8D-SUS\u201d.<\/span><\/p>\n<p style=\"text-align: justify;\"><span style=\"font-size: 14pt;\">Desta forma, ressaltar-se que o Presidente e diretores da ABRASIL-ELEITORES, defender\u00e3o essa causa junto a C\u00e2mara dos Deputados e Senado Federal, em favor dos interesses dos eleitores, a fim de contribuir para aprova\u00e7\u00e3o da lei, construtivamente do di\u00e1logo e oferecer sua contribui\u00e7\u00e3o e experi\u00eancia em prol da sa\u00fade dos eleitores Brasileiros e seus dependentes.<\/span><\/p>\n<p style=\"text-align: justify;\"><span style=\"font-size: 14pt;\">Por fim, posterior apresentara ao Congresso Nacional do Brasil, para tramita\u00e7\u00e3o do projeto de lei que visa salvar vidas, vidas da popula\u00e7\u00e3o Brasileira \u00e9 votar em um projeto que beneficiar\u00e1 todos os brasileiros. podendo ser por Simetria, encaminhado as Assembleias Legislativas Estaduais, Distrito Federal e C\u00e2maras Municipais de Vereadores.<\/span><\/p>\n<p style=\"text-align: justify;\"><span style=\"font-size: 14pt;\">Amigo, eleitor, voc\u00ea pede apoia assinando este abaixo-assinado e mobilizando as pessoas pelas redes sociais para assinarem.<\/span><\/p>\n<p style=\"text-align: justify;\"><span style=\"font-size: 14pt;\">Voc\u00ea pode ajudar a Associa\u00e7\u00e3o Nacional e Internacional dos Eleitores Brasileiros a lutar por esta causa com qualquer VALOR pelo (PIX-CNPJ: 55896258000100) &#8211; ABRASIL-ELEITORES &#8211; Banco do Brasil.<\/span><\/p>\n<p style=\"text-align: justify;\"><strong><span style=\"font-size: 14pt;\">Att.<\/span><\/strong><\/p>\n<p style=\"text-align: justify;\"><span style=\"font-size: 14pt;\">Pedro C. Bastos<\/span><br \/>\n<span style=\"font-size: 14pt;\">Presidente da abrasil-eleitores<\/span><br \/>\n<span style=\"font-size: 14pt;\">Autor do Cr\u00e9d-Sus.<\/span><br \/>\n<span style=\"font-size: 14pt;\">Zap(98) 98276-1189<\/span><br \/>\n<span style=\"font-size: 14pt;\">abrasilelitores@gmail.com<\/span><\/p>\n<p style=\"text-align: justify;\"><span style=\"font-size: 14pt;\">BRASIL- 29\/11\/2024<\/span><\/p>\n","protected":false},"excerpt":{"rendered":"<p>ABRASIL-ELEITORES: \u201cCR\u00c9D-SUS\u201d ABAIXO ASSINADO PELO FIM DA FILA DO SUS Para: \u00c1 Excelent\u00edssima Casa do Poder Constituinte &#8211; Congresso Nacional Brasileiro. &nbsp; ASSOCIA\u00c7\u00c3O NACIONAL E INTERNACIONAL DOS ELEITORES BRASILEIROS, com fundamento nos artigos. 1\u00ba, 14\u00ba, II, art. 61\u00ba, \u00a7 2\u00ba, 27, \u00a7, 4\u00ba e 29, XIII, da CRFB\/1988, e nos termos da lei n\u00ba 14.063\/2020, [&hellip;]<\/p>\n","protected":false},"author":1,"featured_media":0,"parent":0,"menu_order":0,"comment_status":"closed","ping_status":"closed","template":"","meta":{"footnotes":""},"class_list":["post-289","page","type-page","status-publish","hentry"],"yoast_head":"<!-- This site is optimized with the Yoast SEO plugin v27.0 - https:\/\/yoast.com\/product\/yoast-seo-wordpress\/ -->\n<title>Abaixo Assinado - ABRASIL-ELEITORES<\/title>\n<meta name=\"robots\" content=\"index, follow, max-snippet:-1, max-image-preview:large, max-video-preview:-1\" \/>\n<link rel=\"canonical\" href=\"https:\/\/abrasileleitores.com.br\/?page_id=289\" \/>\n<meta property=\"og:locale\" content=\"pt_BR\" \/>\n<meta property=\"og:type\" content=\"article\" \/>\n<meta property=\"og:title\" content=\"Abaixo Assinado - ABRASIL-ELEITORES\" \/>\n<meta property=\"og:description\" content=\"ABRASIL-ELEITORES: \u201cCR\u00c9D-SUS\u201d ABAIXO ASSINADO PELO FIM DA FILA DO SUS Para: \u00c1 Excelent\u00edssima Casa do Poder Constituinte &#8211; Congresso Nacional Brasileiro. &nbsp; ASSOCIA\u00c7\u00c3O NACIONAL E INTERNACIONAL DOS ELEITORES BRASILEIROS, com fundamento nos artigos. 1\u00ba, 14\u00ba, II, art. 61\u00ba, \u00a7 2\u00ba, 27, \u00a7, 4\u00ba e 29, XIII, da CRFB\/1988, e nos termos da lei n\u00ba 14.063\/2020, [&hellip;]\" \/>\n<meta property=\"og:url\" content=\"https:\/\/abrasileleitores.com.br\/?page_id=289\" \/>\n<meta property=\"og:site_name\" content=\"ABRASIL-ELEITORES\" \/>\n<meta property=\"article:modified_time\" content=\"2025-02-18T19:05:26+00:00\" \/>\n<meta property=\"og:image\" content=\"https:\/\/abrasileleitores.com.br\/wp-content\/uploads\/2025\/02\/HJGHJGJHGJH2HHH.jpg\" \/>\n<meta name=\"twitter:card\" content=\"summary_large_image\" \/>\n<meta name=\"twitter:label1\" content=\"Est. tempo de leitura\" \/>\n\t<meta name=\"twitter:data1\" content=\"7 minutos\" \/>\n<script type=\"application\/ld+json\" class=\"yoast-schema-graph\">{\"@context\":\"https:\/\/schema.org\",\"@graph\":[{\"@type\":\"WebPage\",\"@id\":\"https:\/\/abrasileleitores.com.br\/?page_id=289\",\"url\":\"https:\/\/abrasileleitores.com.br\/?page_id=289\",\"name\":\"Abaixo Assinado - ABRASIL-ELEITORES\",\"isPartOf\":{\"@id\":\"https:\/\/abrasileleitores.com.br\/#website\"},\"primaryImageOfPage\":{\"@id\":\"https:\/\/abrasileleitores.com.br\/?page_id=289#primaryimage\"},\"image\":{\"@id\":\"https:\/\/abrasileleitores.com.br\/?page_id=289#primaryimage\"},\"thumbnailUrl\":\"https:\/\/abrasileleitores.com.br\/wp-content\/uploads\/2025\/02\/HJGHJGJHGJH2HHH.jpg\",\"datePublished\":\"2025-02-18T18:11:35+00:00\",\"dateModified\":\"2025-02-18T19:05:26+00:00\",\"breadcrumb\":{\"@id\":\"https:\/\/abrasileleitores.com.br\/?page_id=289#breadcrumb\"},\"inLanguage\":\"pt-BR\",\"potentialAction\":[{\"@type\":\"ReadAction\",\"target\":[\"https:\/\/abrasileleitores.com.br\/?page_id=289\"]}]},{\"@type\":\"ImageObject\",\"inLanguage\":\"pt-BR\",\"@id\":\"https:\/\/abrasileleitores.com.br\/?page_id=289#primaryimage\",\"url\":\"https:\/\/abrasileleitores.com.br\/wp-content\/uploads\/2025\/02\/HJGHJGJHGJH2HHH.jpg\",\"contentUrl\":\"https:\/\/abrasileleitores.com.br\/wp-content\/uploads\/2025\/02\/HJGHJGJHGJH2HHH.jpg\",\"width\":237,\"height\":90},{\"@type\":\"BreadcrumbList\",\"@id\":\"https:\/\/abrasileleitores.com.br\/?page_id=289#breadcrumb\",\"itemListElement\":[{\"@type\":\"ListItem\",\"position\":1,\"name\":\"In\u00edcio\",\"item\":\"https:\/\/abrasileleitores.com.br\/\"},{\"@type\":\"ListItem\",\"position\":2,\"name\":\"Abaixo Assinado\"}]},{\"@type\":\"WebSite\",\"@id\":\"https:\/\/abrasileleitores.com.br\/#website\",\"url\":\"https:\/\/abrasileleitores.com.br\/\",\"name\":\"ABRASIL-ELEITORES\",\"description\":\"ASSOCIA\u00c7\u00c3O NACIONAL E INTERNACIONAL DOS ELEITORES BRASILEIROS\",\"potentialAction\":[{\"@type\":\"SearchAction\",\"target\":{\"@type\":\"EntryPoint\",\"urlTemplate\":\"https:\/\/abrasileleitores.com.br\/?s={search_term_string}\"},\"query-input\":{\"@type\":\"PropertyValueSpecification\",\"valueRequired\":true,\"valueName\":\"search_term_string\"}}],\"inLanguage\":\"pt-BR\"}]}<\/script>\n<!-- \/ Yoast SEO plugin. -->","yoast_head_json":{"title":"Abaixo Assinado - ABRASIL-ELEITORES","robots":{"index":"index","follow":"follow","max-snippet":"max-snippet:-1","max-image-preview":"max-image-preview:large","max-video-preview":"max-video-preview:-1"},"canonical":"https:\/\/abrasileleitores.com.br\/?page_id=289","og_locale":"pt_BR","og_type":"article","og_title":"Abaixo Assinado - ABRASIL-ELEITORES","og_description":"ABRASIL-ELEITORES: \u201cCR\u00c9D-SUS\u201d ABAIXO ASSINADO PELO FIM DA FILA DO SUS Para: \u00c1 Excelent\u00edssima Casa do Poder Constituinte &#8211; Congresso Nacional Brasileiro. &nbsp; ASSOCIA\u00c7\u00c3O NACIONAL E INTERNACIONAL DOS ELEITORES BRASILEIROS, com fundamento nos artigos. 1\u00ba, 14\u00ba, II, art. 61\u00ba, \u00a7 2\u00ba, 27, \u00a7, 4\u00ba e 29, XIII, da CRFB\/1988, e nos termos da lei n\u00ba 14.063\/2020, [&hellip;]","og_url":"https:\/\/abrasileleitores.com.br\/?page_id=289","og_site_name":"ABRASIL-ELEITORES","article_modified_time":"2025-02-18T19:05:26+00:00","og_image":[{"url":"https:\/\/abrasileleitores.com.br\/wp-content\/uploads\/2025\/02\/HJGHJGJHGJH2HHH.jpg","type":"","width":"","height":""}],"twitter_card":"summary_large_image","twitter_misc":{"Est. tempo de leitura":"7 minutos"},"schema":{"@context":"https:\/\/schema.org","@graph":[{"@type":"WebPage","@id":"https:\/\/abrasileleitores.com.br\/?page_id=289","url":"https:\/\/abrasileleitores.com.br\/?page_id=289","name":"Abaixo Assinado - ABRASIL-ELEITORES","isPartOf":{"@id":"https:\/\/abrasileleitores.com.br\/#website"},"primaryImageOfPage":{"@id":"https:\/\/abrasileleitores.com.br\/?page_id=289#primaryimage"},"image":{"@id":"https:\/\/abrasileleitores.com.br\/?page_id=289#primaryimage"},"thumbnailUrl":"https:\/\/abrasileleitores.com.br\/wp-content\/uploads\/2025\/02\/HJGHJGJHGJH2HHH.jpg","datePublished":"2025-02-18T18:11:35+00:00","dateModified":"2025-02-18T19:05:26+00:00","breadcrumb":{"@id":"https:\/\/abrasileleitores.com.br\/?page_id=289#breadcrumb"},"inLanguage":"pt-BR","potentialAction":[{"@type":"ReadAction","target":["https:\/\/abrasileleitores.com.br\/?page_id=289"]}]},{"@type":"ImageObject","inLanguage":"pt-BR","@id":"https:\/\/abrasileleitores.com.br\/?page_id=289#primaryimage","url":"https:\/\/abrasileleitores.com.br\/wp-content\/uploads\/2025\/02\/HJGHJGJHGJH2HHH.jpg","contentUrl":"https:\/\/abrasileleitores.com.br\/wp-content\/uploads\/2025\/02\/HJGHJGJHGJH2HHH.jpg","width":237,"height":90},{"@type":"BreadcrumbList","@id":"https:\/\/abrasileleitores.com.br\/?page_id=289#breadcrumb","itemListElement":[{"@type":"ListItem","position":1,"name":"In\u00edcio","item":"https:\/\/abrasileleitores.com.br\/"},{"@type":"ListItem","position":2,"name":"Abaixo Assinado"}]},{"@type":"WebSite","@id":"https:\/\/abrasileleitores.com.br\/#website","url":"https:\/\/abrasileleitores.com.br\/","name":"ABRASIL-ELEITORES","description":"ASSOCIA\u00c7\u00c3O NACIONAL E INTERNACIONAL DOS ELEITORES BRASILEIROS","potentialAction":[{"@type":"SearchAction","target":{"@type":"EntryPoint","urlTemplate":"https:\/\/abrasileleitores.com.br\/?s={search_term_string}"},"query-input":{"@type":"PropertyValueSpecification","valueRequired":true,"valueName":"search_term_string"}}],"inLanguage":"pt-BR"}]}},"_links":{"self":[{"href":"https:\/\/abrasileleitores.com.br\/index.php?rest_route=\/wp\/v2\/pages\/289","targetHints":{"allow":["GET"]}}],"collection":[{"href":"https:\/\/abrasileleitores.com.br\/index.php?rest_route=\/wp\/v2\/pages"}],"about":[{"href":"https:\/\/abrasileleitores.com.br\/index.php?rest_route=\/wp\/v2\/types\/page"}],"author":[{"embeddable":true,"href":"https:\/\/abrasileleitores.com.br\/index.php?rest_route=\/wp\/v2\/users\/1"}],"replies":[{"embeddable":true,"href":"https:\/\/abrasileleitores.com.br\/index.php?rest_route=%2Fwp%2Fv2%2Fcomments&post=289"}],"version-history":[{"count":3,"href":"https:\/\/abrasileleitores.com.br\/index.php?rest_route=\/wp\/v2\/pages\/289\/revisions"}],"predecessor-version":[{"id":299,"href":"https:\/\/abrasileleitores.com.br\/index.php?rest_route=\/wp\/v2\/pages\/289\/revisions\/299"}],"wp:attachment":[{"href":"https:\/\/abrasileleitores.com.br\/index.php?rest_route=%2Fwp%2Fv2%2Fmedia&parent=289"}],"curies":[{"name":"wp","href":"https:\/\/api.w.org\/{rel}","templated":true}]}}